{"id":3682,"date":"2021-03-01T14:59:59","date_gmt":"2021-03-01T13:59:59","guid":{"rendered":"https:\/\/test.ariiva.com\/?page_id=3682"},"modified":"2021-04-16T11:45:57","modified_gmt":"2021-04-16T09:45:57","slug":"ar-wearables","status":"publish","type":"page","link":"https:\/\/www.ariiva.com\/de\/ar-wearables\/","title":{"rendered":"AR Wearables"},"content":{"rendered":"\n  <div class=\"banner has-hover has-parallax\" id=\"banner-390470219\">\n          <div class=\"banner-inner fill\">\n        <div class=\"banner-bg fill\" data-parallax=\"-4\" data-parallax-container=\".banner\" data-parallax-background>\n            <img loading=\"lazy\" decoding=\"async\" width=\"900\" height=\"433\" src=\"https:\/\/www.ariiva.com\/wp-content\/uploads\/2021\/03\/realwear_hololens.png\" class=\"bg attachment-original size-original\" alt=\"\" \/>                        <div class=\"overlay\"><\/div>            \n                    <\/div>\n\t\t\n        <div class=\"banner-layers container\">\n            <div class=\"fill banner-link\"><\/div>            \n\n   <div id=\"text-box-437632123\" class=\"text-box banner-layer x50 md-x50 lg-x50 y50 md-y50 lg-y50 res-text\">\n                     <div data-animate=\"blurIn\">           <div class=\"text-box-content text dark\">\n              \n              <div class=\"text-inner text-center\">\n                  \n\n<h1>AR WEARABLES<\/h1>\n<p>Mit Augmented Reality ben\u00f6tigte Daten in Echtzeit vorort visualisieren und dabei beide H\u00e4nde zum Arbeiten zu Verf\u00fcgung haben<\/p>\n\n              <\/div>\n           <\/div>\n       <\/div>                     \n<style>\n#text-box-437632123 {\n  width: 80%;\n}\n#text-box-437632123 .text-box-content {\n  font-size: 105%;\n}\n@media (min-width:550px) {\n  #text-box-437632123 {\n    width: 70%;\n  }\n}\n<\/style>\n    <\/div>\n \n\n        <\/div>\n      <\/div>\n\n            \n<style>\n#banner-390470219 {\n  padding-top: 380px;\n  background-color: rgb(0,0,0);\n}\n#banner-390470219 .overlay {\n  background-color: rgba(0, 0, 0, 0.3);\n}\n#banner-390470219 .banner-bg img {\n  object-position: 55% 32%;\n}\n@media (min-width:550px) {\n  #banner-390470219 .overlay {\n    background-color: rgba(0, 0, 0, 0.79);\n  }\n}\n<\/style>\n  <\/div>\n\n\n\n\t<section class=\"section\" id=\"section_990289279\">\n\t\t<div class=\"section-bg fill\" >\n\t\t\t\t\t\t\t\t\t\n\t\t\t\n\n\t\t<\/div>\n\n\t\t\n\n\t\t<div class=\"section-content relative\">\n\t\t\t\n\n<div class=\"row row-solid\"  id=\"row-1545416450\">\n\n\n\t<div id=\"col-203830978\" class=\"col medium-4 small-12 large-4\"  >\n\t\t\t\t<div class=\"col-inner\"  >\n\t\t\t\n\t\t\t\n\n\n\t\t<div class=\"icon-box featured-box icon-box-center text-center\"  >\n\t\t\t\t\t<div class=\"icon-box-img\" style=\"width: 50px\">\n\t\t\t\t<div class=\"icon\">\n\t\t\t\t\t<div class=\"icon-inner\" >\n\t\t\t\t\t\t<?xml version=\"1.0\" encoding=\"utf-8\"?>\r\n<!-- Generator: Adobe Illustrator 24.2.1, SVG Export Plug-In . SVG Version: 6.00 Build 0)  -->\r\n<svg version=\"1.1\" id=\"Layer_1\" xmlns=\"http:\/\/www.w3.org\/2000\/svg\" xmlns:xlink=\"http:\/\/www.w3.org\/1999\/xlink\" x=\"0px\" y=\"0px\"\r\n\t viewBox=\"0 0 512 512\" style=\"enable-background:new 0 0 512 512;\" xml:space=\"preserve\">\r\n<path d=\"M337.4,87.2h-18.1v25h18.1c15.8,0,30.9,6,42.4,16.8l85.6,80.3H46.6l85.6-80.3c11.5-10.8,26.6-16.8,42.4-16.8h18.1v-25h-18.1\r\n\tc-22.2,0-43.3,8.4-59.5,23.6L2.5,216.4v119.4l5.4,3.7c68.6,47.5,138.4,75.5,207.4,83.3l13.9,1.6v-46.8c0-14.8,12-26.8,26.8-26.8\r\n\tc14.8,0,26.8,12,26.8,26.8v46.8l13.9-1.6c69-7.8,138.8-35.8,207.4-83.3l5.4-3.7V216.4L396.9,110.8C380.7,95.6,359.6,87.2,337.4,87.2\r\n\tz M484.5,322.7l-1.1,0.7C426,362,368,386.3,310.8,395.7l-2.9,0.5v-18.5c0-28.6-23.3-51.9-51.9-51.9s-51.9,23.3-51.9,51.9v18.5\r\n\tl-2.9-0.5C144.1,386.3,86,362,28.6,323.4l-1.1-0.7v-88.3h456.9V322.7z\"\/>\r\n<\/svg>\r\n\t\t\t\t\t<\/div>\n\t\t\t\t<\/div>\n\t\t\t<\/div>\n\t\t\t\t<div class=\"icon-box-text last-reset\">\n\t\t\t\t\t\t\t\t\t\n\n<h3><strong>AR-Datenbrillen<\/strong><\/h3>\n<p>User k\u00f6nnen Informationen &#8222;hands-free&#8220; sichten. Daten werden in die Brillen projiziert, H\u00e4nde bleiben f\u00fcr manuelle Arbeit frei<\/p>\n\n\t\t<\/div>\n\t<\/div>\n\t\n\t\n\n\t\t<\/div>\n\t\t\t\t\t<\/div>\n\n\t\n\n\t<div id=\"col-2145659365\" class=\"col medium-4 small-12 large-4\"  >\n\t\t\t\t<div class=\"col-inner\"  >\n\t\t\t\n\t\t\t\n\n\n\t\t<div class=\"icon-box featured-box icon-box-center text-center\"  >\n\t\t\t\t\t<div class=\"icon-box-img\" style=\"width: 50px\">\n\t\t\t\t<div class=\"icon\">\n\t\t\t\t\t<div class=\"icon-inner\" >\n\t\t\t\t\t\t<?xml version=\"1.0\" encoding=\"utf-8\"?>\r\n<!-- Generator: Adobe Illustrator 24.2.1, SVG Export Plug-In . SVG Version: 6.00 Build 0)  -->\r\n<svg version=\"1.1\" id=\"Capa_1\" xmlns=\"http:\/\/www.w3.org\/2000\/svg\" xmlns:xlink=\"http:\/\/www.w3.org\/1999\/xlink\" x=\"0px\" y=\"0px\"\r\n\t viewBox=\"0 0 512 512\" style=\"enable-background:new 0 0 512 512;\" xml:space=\"preserve\">\r\n<g>\r\n\t<g>\r\n\t\t<path d=\"M298.7,25.6h-85.3c-4.7,0-8.5,3.8-8.5,8.5s3.8,8.5,8.5,8.5h85.3c4.7,0,8.5-3.8,8.5-8.5C307.2,29.4,303.4,25.6,298.7,25.6z\r\n\t\t\t\"\/>\r\n\t<\/g>\r\n<\/g>\r\n<g>\r\n\t<g>\r\n\t\t<path d=\"M358.4,25.6h-8.5c-4.7,0-8.5,3.8-8.5,8.5s3.8,8.5,8.5,8.5h8.5c4.7,0,8.5-3.8,8.5-8.5C366.9,29.4,363.1,25.6,358.4,25.6z\"\r\n\t\t\t\/>\r\n\t<\/g>\r\n<\/g>\r\n<g>\r\n\t<g>\r\n\t\t<path d=\"M266.6,435.2h-21.2c-13,0-23.5,10.6-23.5,23.5v4.1c0,13,10.6,23.5,23.5,23.5h21.2c13,0,23.5-10.6,23.5-23.5v-4.1\r\n\t\t\tC290.1,445.8,279.6,435.2,266.6,435.2z M273.1,462.9c0,3.6-2.9,6.5-6.5,6.5h-21.2c-3.6,0-6.5-2.9-6.5-6.5v-4.1\r\n\t\t\tc0-3.6,2.9-6.5,6.5-6.5h21.2c3.6,0,6.5,2.9,6.5,6.5V462.9z\"\/>\r\n\t<\/g>\r\n<\/g>\r\n<g>\r\n\t<g>\r\n\t\t<path d=\"M370.2,0H141.8c-17,0-30.8,13.8-30.8,30.8v450.3c0,17,13.8,30.8,30.8,30.8h228.4c17,0,30.8-13.8,30.8-30.8V30.8\r\n\t\t\tC401.1,13.8,387.2,0,370.2,0z M384,481.2c0,7.6-6.2,13.8-13.8,13.8H141.8c-7.6,0-13.8-6.2-13.8-13.8V30.8\r\n\t\t\tc0-7.6,6.2-13.8,13.8-13.8h228.4c7.6,0,13.8,6.2,13.8,13.8L384,481.2L384,481.2z\"\/>\r\n\t<\/g>\r\n<\/g>\r\n<g>\r\n\t<g>\r\n\t\t<path d=\"M392.5,51.2H119.5c-4.7,0-8.5,3.8-8.5,8.5v358.4c0,4.7,3.8,8.5,8.5,8.5h273.1c4.7,0,8.5-3.8,8.5-8.5V59.7\r\n\t\t\tC401.1,55,397.2,51.2,392.5,51.2z M384,409.6H128V68.3h256V409.6z\"\/>\r\n\t<\/g>\r\n<\/g>\r\n<\/svg>\r\n\t\t\t\t\t<\/div>\n\t\t\t\t<\/div>\n\t\t\t<\/div>\n\t\t\t\t<div class=\"icon-box-text last-reset\">\n\t\t\t\t\t\t\t\t\t\n\n<h3><strong>AR-Mobile Devices<\/strong><\/h3>\n<p>Mit dem Smartphone oder Tablet relevante Daten jederzeit und \u00fcberall erhalten \u2013 Aufgaben erledigen, egal wo<\/p>\n\n\t\t<\/div>\n\t<\/div>\n\t\n\t\n\n\t\t<\/div>\n\t\t\t\t\t<\/div>\n\n\t\n\n\t<div id=\"col-561737876\" class=\"col medium-4 small-12 large-4\"  >\n\t\t\t\t<div class=\"col-inner\"  >\n\t\t\t\n\t\t\t\n\n\n\t\t<div class=\"icon-box featured-box icon-box-center text-center\"  >\n\t\t\t\t\t<div class=\"icon-box-img\" style=\"width: 50px\">\n\t\t\t\t<div class=\"icon\">\n\t\t\t\t\t<div class=\"icon-inner\" >\n\t\t\t\t\t\t<?xml version=\"1.0\" encoding=\"utf-8\"?>\r\n<!-- Generator: Adobe Illustrator 24.2.1, SVG Export Plug-In . SVG Version: 6.00 Build 0)  -->\r\n<svg version=\"1.1\" id=\"light\" xmlns=\"http:\/\/www.w3.org\/2000\/svg\" xmlns:xlink=\"http:\/\/www.w3.org\/1999\/xlink\" x=\"0px\" y=\"0px\"\r\n\t viewBox=\"0 0 512 512\" style=\"enable-background:new 0 0 512 512;\" xml:space=\"preserve\">\r\n<path d=\"M253,406.7c-2.7,0-5.5-1-7.6-3.1L108.4,266.5c-4-4-4.2-10.4-0.4-14.7l102.8-115.1C282.5,52.7,399.5-1.7,501.5,0.1\r\n\tc5.7,0.1,10.3,4.7,10.4,10.4c2.4,102.1-52.6,219-136.9,290.9L260.1,404C258.1,405.8,255.6,406.7,253,406.7z M130.6,258.6\r\n\tl122.9,122.9l107.6-96c76.9-65.7,128-170.5,129.6-264C397.2,22.9,292.4,74,226.8,150.8L130.6,258.6z\"\/>\r\n<path d=\"M293.9,484.8c-1,0-2.1-0.1-3.1-0.5c-3.8-1.3-7-4.2-7.6-8.2L268.7,374c-0.8-5.8,3.2-11.2,9-12.1c5.8-0.9,11.2,3.2,12.1,9\r\n\tl11.4,79.8c37.4-44.7,58.2-101.4,58.2-159.1c0-5.9,4.8-10.7,10.7-10.7s10.7,4.8,10.7,10.7c0,70.7-28.6,139.9-78.5,189.8\r\n\tC300,483.5,296.9,484.8,293.9,484.8L293.9,484.8z\"\/>\r\n<path d=\"M139.5,243.5c-0.5,0-1,0-1.5-0.1L35.9,228.7c-4-0.6-7.4-3.4-8.6-7.2c-1.3-3.8-0.2-8.1,2.6-10.9\r\n\tc50.6-50.6,119.8-79.3,190.5-79.3c5.9,0,10.7,4.8,10.7,10.7s-4.8,10.7-10.7,10.7c-58,0-115,21-159.2,58.1l79.9,11.5\r\n\tc5.8,0.9,9.9,6.2,9,12.1C149.3,239.6,144.7,243.5,139.5,243.5L139.5,243.5z\"\/>\r\n<path d=\"M365.5,199.8c-13.7,0-27.3-5.2-37.7-15.6c-20.8-20.8-20.8-54.6,0-75.4c20.8-20.8,54.6-20.8,75.4,0\r\n\tc20.8,20.8,20.8,54.6,0,75.4C392.8,194.6,379.2,199.8,365.5,199.8z M365.5,114.5c-8.2,0-16.4,3.1-22.6,9.3\r\n\tc-12.5,12.5-12.5,32.8,0,45.3c12.5,12.5,32.8,12.4,45.3,0c12.5-12.5,12.5-32.8,0-45.3C381.9,117.7,373.7,114.5,365.5,114.5\r\n\tL365.5,114.5z M395.7,176.7h0.2H395.7z\"\/>\r\n<path d=\"M10.7,512c-2.8,0-5.5-1.1-7.6-3.1c-2.8-2.8-3.8-6.8-2.7-10.6c3.5-11.7,34.8-114.8,57.7-137.6c25.7-25.7,67.5-25.7,93.2,0\r\n\tc25.7,25.7,25.7,67.5,0,93.2c-22.8,22.8-126,54.2-137.6,57.7C12.7,511.9,11.7,512,10.7,512z M104.7,362.7c-11.4,0-22.8,4.4-31.6,13\r\n\tc-12.3,12.3-32.8,67.4-46.3,109.4c42-13.5,97.1-34,109.4-46.3c17.4-17.4,17.4-45.7,0-63.1C127.6,367,116.2,362.7,104.7,362.7z\"\/>\r\n<\/svg>\r\n\t\t\t\t\t<\/div>\n\t\t\t\t<\/div>\n\t\t\t<\/div>\n\t\t\t\t<div class=\"icon-box-text last-reset\">\n\t\t\t\t\t\t\t\t\t\n\n<h3><strong>Prozessoptimierung mit AR<\/strong><\/h3>\n<p>Mobile Datenbewegungen und verk\u00fcrzte Kommunikationswege<\/p>\n\n\t\t<\/div>\n\t<\/div>\n\t\n\t\n\n\t\t<\/div>\n\t\t\t\t\t<\/div>\n\n\t\n\n\n<style>\n#row-1545416450 > .col > .col-inner {\n  padding: 20px 20px 20px 20px;\n}\n<\/style>\n<\/div>\n\n\t\t<\/div>\n\n\t\t\n<style>\n#section_990289279 {\n  padding-top: 30px;\n  padding-bottom: 30px;\n}\n<\/style>\n\t<\/section>\n\t\n<span class=\"scroll-to\" data-label=\"Scroll to: #hl2\" data-bullet=\"false\" data-link=\"#hl2\" data-title=\"hl2\" ><a name=\"hl2\"><\/a><\/span>\n\n\n\t<section class=\"section\" id=\"section_1442469177\">\n\t\t<div class=\"section-bg fill\" >\n\t\t\t\t\t\t\t\t\t<div class=\"section-bg-overlay absolute fill\"><\/div>\n\t\t\t\n\n\t\t<\/div>\n\n\t\t\n\n\t\t<div class=\"section-content relative\">\n\t\t\t\n\n<div class=\"row row-collapse row-full-width align-middle\"  id=\"row-515252104\">\n\n\n\t<div id=\"col-1624041740\" class=\"col medium-6 small-12 large-6\"  >\n\t\t\t\t<div class=\"col-inner\"  >\n\t\t\t\n\t\t\t\n\n\n  <div class=\"banner has-hover has-parallax\" id=\"banner-2121837620\">\n          <div class=\"banner-inner fill\">\n        <div class=\"banner-bg fill\" data-parallax=\"-3\" data-parallax-container=\".banner\" data-parallax-background>\n            <img loading=\"lazy\" decoding=\"async\" width=\"1400\" height=\"933\" src=\"https:\/\/www.ariiva.com\/wp-content\/uploads\/2021\/02\/Hololens2-1.jpg\" class=\"bg attachment-original size-original\" alt=\"\" \/>                                    \n                    <\/div>\n\t\t\n        <div class=\"banner-layers container\">\n            <div class=\"fill banner-link\"><\/div>            \n\n   <div id=\"text-box-428980508\" class=\"text-box banner-layer x50 md-x50 lg-x50 y50 md-y50 lg-y50 res-text\">\n                                <div class=\"text-box-content text dark\">\n              \n              <div class=\"text-inner text-center\">\n                  \n\n\n              <\/div>\n           <\/div>\n                            \n<style>\n#text-box-428980508 {\n  width: 60%;\n}\n#text-box-428980508 .text-box-content {\n  font-size: 100%;\n}\n@media (min-width:550px) {\n  #text-box-428980508 {\n    width: 60%;\n  }\n}\n<\/style>\n    <\/div>\n \n\n        <\/div>\n      <\/div>\n\n            \n<style>\n#banner-2121837620 {\n  padding-top: 300px;\n}\n#banner-2121837620 .banner-bg img {\n  object-position: 61% 26%;\n}\n@media (min-width:550px) {\n  #banner-2121837620 {\n    padding-top: 500px;\n  }\n}\n<\/style>\n  <\/div>\n\n\n\n\t\t<\/div>\n\t\t\t\t\t<\/div>\n\n\t\n\n\t<div id=\"col-267074454\" class=\"col medium-6 small-12 large-6\"  >\n\t\t\t\t<div class=\"col-inner text-left\" style=\"background-color:rgb(255, 255, 255);\" >\n\t\t\t\n\t\t\t\n\n<div class=\"row row-collapse align-center\"  id=\"row-1075943909\">\n\n\n\t<div id=\"col-1773901591\" class=\"col pwa-black-font medium-9 small-10 large-9\"  >\n\t\t\t\t<div class=\"col-inner\"  >\n\t\t\t\n\t\t\t\n\n<h6><span style=\"background-color: #50b848; color: white!important;\">AR-DATENBRILLE<\/span><\/h6>\n<h1><strong>Microsoft HoloLens &amp; HoloLens 2<\/strong> f\u00fcr professionelle AR-Experiences<\/h1>\n<p>Die HoloLens projiziert Lichtpunkte aus denen Hologramme, Informationen und andere visuelle Inhalte im Blickfeld entstehen. Mithilfe von Sprache, Gesten und Bewegungen mit dem Kopf l\u00e4sst sich die AR-Datenbrille steuern.<\/p>\n<p>Die Microsoft HoloLens ist kabellos. Die Brille erschafft 3D-Projektionen vor dem Hintergrund der unmittelbaren Umgebung. Die Projektionen werden dabei so nat\u00fcrlich an die Realit\u00e4t angepasst, dass sie t\u00e4uschend echt wirken.<\/p>\n\n\t\t<\/div>\n\t\t\t\t\n<style>\n#col-1773901591 > .col-inner {\n  padding: 50px 0px 50px 0px;\n}\n<\/style>\n\t<\/div>\n\n\t\n\n\n<style>\n#row-1075943909 > .col > .col-inner {\n  padding: 40px 0px 20px 0px;\n}\n@media (min-width:550px) {\n  #row-1075943909 > .col > .col-inner {\n    padding: 0px 0px 0px 0px;\n  }\n}\n<\/style>\n<\/div>\n\n\t\t<\/div>\n\t\t\t\t\t<\/div>\n\n\t\n\n\n<style>\n#row-515252104 > .col > .col-inner {\n  background-color: rgb(255, 255, 255);\n}\n<\/style>\n<\/div>\n\n\t\t<\/div>\n\n\t\t\n<style>\n#section_1442469177 {\n  padding-top: 0px;\n  padding-bottom: 0px;\n  background-color: rgb(255, 255, 255);\n}\n#section_1442469177 .section-bg-overlay {\n  background-color: rgba(255, 255, 255, 0.06);\n}\n<\/style>\n\t<\/section>\n\t\n<span class=\"scroll-to\" data-label=\"Scroll to: #vzx\" data-bullet=\"false\" data-link=\"#vzx\" data-title=\"vzx\" ><a name=\"vzx\"><\/a><\/span>\n\n\n\t<section class=\"section\" id=\"section_2036547937\">\n\t\t<div class=\"section-bg fill\" >\n\t\t\t\t\t\t\t\t\t<div class=\"section-bg-overlay absolute fill\"><\/div>\n\t\t\t\n\n\t\t<\/div>\n\n\t\t\n\n\t\t<div class=\"section-content relative\">\n\t\t\t\n\n<div class=\"row row-collapse row-full-width align-middle\"  id=\"row-1566739030\">\n\n\n\t<div id=\"col-410326714\" class=\"col medium-6 small-12 large-6\"  >\n\t\t\t\t<div class=\"col-inner text-left\"  >\n\t\t\t\n\t\t\t\n\n<div class=\"row row-collapse align-center\"  id=\"row-508079966\">\n\n\n\t<div id=\"col-455791497\" class=\"col pwa-black-font medium-9 small-10 large-9\"  >\n\t\t\t\t<div class=\"col-inner\"  >\n\t\t\t\n\t\t\t\n\n<h6><span style=\"background-color:#50b848!important;\">AR-DATENBRILLE<\/span><\/h6>\n<h1>Mit der <strong>VUZIX Blade<\/strong> Daten in Echtzeit in das Sichtfeld einblenden\u00a0<\/h1>\n<p>Haptisches Feedback, bei Benachrichtigungen vibriert die Brille. Das integrierte Touchpad und der Head Motion Tracker bieten intuitive Steuerung. Sprachsteuerung durch das integrierte Mikrofon mit Ger\u00e4uschunterdr\u00fcckung. Mit einer 8-Megapixel-HD-Kamera k\u00f6nnen Bilder oder 1080 Pixel-Videos aufgenommen werden.\u00a0<\/p>\n\n\t\t<\/div>\n\t\t\t\t\n<style>\n#col-455791497 > .col-inner {\n  padding: 50px 0px 50px 0px;\n}\n<\/style>\n\t<\/div>\n\n\t\n\n\n<style>\n#row-508079966 > .col > .col-inner {\n  padding: 40px 0px 20px 0px;\n}\n@media (min-width:550px) {\n  #row-508079966 > .col > .col-inner {\n    padding: 0px 0px 0px 0px;\n  }\n}\n<\/style>\n<\/div>\n\n\t\t<\/div>\n\t\t\t\t\t<\/div>\n\n\t\n\n\t<div id=\"col-93748438\" class=\"col medium-6 small-12 large-6 small-col-first\"  >\n\t\t\t\t<div class=\"col-inner\" style=\"background-color:rgb(0,0,0);\" >\n\t\t\t\n\t\t\t\n\n\n  <div class=\"banner has-hover has-parallax\" id=\"banner-1970849660\">\n          <div class=\"banner-inner fill\">\n        <div class=\"banner-bg fill\" data-parallax=\"-3\" data-parallax-container=\".banner\" data-parallax-background>\n            <img loading=\"lazy\" decoding=\"async\" width=\"1200\" height=\"900\" src=\"https:\/\/www.ariiva.com\/wp-content\/uploads\/2021\/02\/Vuzix-AR-Insert.jpg\" class=\"bg attachment-original size-original\" alt=\"\" \/>                                    \n                    <\/div>\n\t\t\n        <div class=\"banner-layers container\">\n            <div class=\"fill banner-link\"><\/div>            \n\n   <div id=\"text-box-1562429428\" class=\"text-box banner-layer x50 md-x50 lg-x50 y50 md-y50 lg-y50 res-text\">\n                                <div class=\"text-box-content text dark\">\n              \n              <div class=\"text-inner text-center\">\n                  \n\n\t<div class=\"img has-hover x md-x lg-x y md-y lg-y\" id=\"image_536670704\">\n\t\t\t\t\t\t\t\t<div class=\"img-inner dark\" >\n\t\t\t\t\t\t\t\t\t\n\t\t\t\t\t<\/div>\n\t\t\t\t\t\t\t\t\n<style>\n#image_536670704 {\n  width: 64%;\n}\n<\/style>\n\t<\/div>\n\t\n\n\n              <\/div>\n           <\/div>\n                            \n<style>\n#text-box-1562429428 {\n  width: 60%;\n}\n#text-box-1562429428 .text-box-content {\n  font-size: 100%;\n}\n@media (min-width:550px) {\n  #text-box-1562429428 {\n    width: 60%;\n  }\n}\n<\/style>\n    <\/div>\n \n\n        <\/div>\n      <\/div>\n\n            \n<style>\n#banner-1970849660 {\n  padding-top: 300px;\n}\n#banner-1970849660 .banner-bg img {\n  object-position: 53% 74%;\n}\n@media (min-width:550px) {\n  #banner-1970849660 {\n    padding-top: 500px;\n  }\n}\n<\/style>\n  <\/div>\n\n\n\n\t\t<\/div>\n\t\t\t\t\t<\/div>\n\n\t\n\n<\/div>\n\n\t\t<\/div>\n\n\t\t\n<style>\n#section_2036547937 {\n  padding-top: 0px;\n  padding-bottom: 0px;\n  background-color: rgb(255,255,255);\n}\n#section_2036547937 .section-bg-overlay {\n  background-color: rgba(0, 0, 0, 0.05);\n}\n<\/style>\n\t<\/section>\n\t\n<span class=\"scroll-to\" data-label=\"Scroll to: #rwhmt\" data-bullet=\"false\" data-link=\"#rwhmt\" data-title=\"rwhmt\" ><a name=\"rwhmt\"><\/a><\/span>\n\n\n\t<section class=\"section\" id=\"section_1749023462\">\n\t\t<div class=\"section-bg fill\" >\n\t\t\t\t\t\t\t\t\t<div class=\"section-bg-overlay absolute fill\"><\/div>\n\t\t\t\n\n\t\t<\/div>\n\n\t\t\n\n\t\t<div class=\"section-content relative\">\n\t\t\t\n\n<div class=\"row row-collapse row-full-width align-middle\"  id=\"row-282105777\">\n\n\n\t<div id=\"col-1592874063\" class=\"col medium-6 small-12 large-6\"  >\n\t\t\t\t<div class=\"col-inner\"  >\n\t\t\t\n\t\t\t\n\n\n  <div class=\"banner has-hover has-parallax\" id=\"banner-2013497799\">\n          <div class=\"banner-inner fill\">\n        <div class=\"banner-bg fill\" data-parallax=\"-3\" data-parallax-container=\".banner\" data-parallax-background>\n            <img loading=\"lazy\" decoding=\"async\" width=\"1440\" height=\"960\" src=\"https:\/\/www.ariiva.com\/wp-content\/uploads\/2021\/02\/Realwear-HMT1.jpg\" class=\"bg attachment-original size-original\" alt=\"\" \/>                                    \n                    <\/div>\n\t\t\n        <div class=\"banner-layers container\">\n            <div class=\"fill banner-link\"><\/div>            \n\n   <div id=\"text-box-2083940648\" class=\"text-box banner-layer x50 md-x50 lg-x50 y50 md-y50 lg-y50 res-text\">\n                                <div class=\"text-box-content text dark\">\n              \n              <div class=\"text-inner text-center\">\n                  \n\n\n              <\/div>\n           <\/div>\n                            \n<style>\n#text-box-2083940648 {\n  width: 60%;\n}\n#text-box-2083940648 .text-box-content {\n  font-size: 100%;\n}\n@media (min-width:550px) {\n  #text-box-2083940648 {\n    width: 60%;\n  }\n}\n<\/style>\n    <\/div>\n \n\n        <\/div>\n      <\/div>\n\n            \n<style>\n#banner-2013497799 {\n  padding-top: 300px;\n  background-color: rgb(255,255,255);\n}\n#banner-2013497799 .banner-bg img {\n  object-position: 0% 68%;\n}\n@media (min-width:550px) {\n  #banner-2013497799 {\n    padding-top: 500px;\n  }\n}\n<\/style>\n  <\/div>\n\n\n\n\t\t<\/div>\n\t\t\t\t\t<\/div>\n\n\t\n\n\t<div id=\"col-1558170268\" class=\"col medium-6 small-12 large-6\"  >\n\t\t\t\t<div class=\"col-inner text-left\" style=\"background-color:rgb(255, 255, 255);\" >\n\t\t\t\n\t\t\t\n\n<div class=\"row row-collapse align-center\"  id=\"row-63830087\">\n\n\n\t<div id=\"col-31465046\" class=\"col pwa-black-font medium-9 small-10 large-9\"  >\n\t\t\t\t<div class=\"col-inner\"  >\n\t\t\t\n\t\t\t\n\n<h6><span style=\"background-color: #50b848; color: white!important;\">AR-DATENBRILLE<\/span><\/h6>\n<h1>Industrie-Datenbrille <strong>RealWear-HMT1<\/strong> mit verl\u00e4sslicher Spracheingabe<\/h1>\n<p>Mit der intuitiv und v\u00f6llig freih\u00e4ndig zu bedienenden RealWear HMT-1 sind immer beide H\u00e4nde frei f\u00fcr alle Aufgaben und gleichzeitig Zugriff auf Informationen und Kommunikation.<\/p>\n<p>Ideal f\u00fcr Fernwartung, digitale Assistenz und Logistik. Via Video-Remote-Support k\u00f6nnen Ihre Mitarbeiter bei der Wartung Unterst\u00fctzung von Experten empfangen.<\/p>\n\n\t\t<\/div>\n\t\t\t\t\n<style>\n#col-31465046 > .col-inner {\n  padding: 50px 0px 50px 0px;\n}\n<\/style>\n\t<\/div>\n\n\t\n\n\n<style>\n#row-63830087 > .col > .col-inner {\n  padding: 40px 0px 20px 0px;\n}\n@media (min-width:550px) {\n  #row-63830087 > .col > .col-inner {\n    padding: 0px 0px 0px 0px;\n  }\n}\n<\/style>\n<\/div>\n\n\t\t<\/div>\n\t\t\t\t\t<\/div>\n\n\t\n\n\n<style>\n#row-282105777 > .col > .col-inner {\n  background-color: rgb(255, 255, 255);\n}\n<\/style>\n<\/div>\n\n\t\t<\/div>\n\n\t\t\n<style>\n#section_1749023462 {\n  padding-top: 0px;\n  padding-bottom: 0px;\n  background-color: rgb(255, 255, 255);\n}\n#section_1749023462 .section-bg-overlay {\n  background-color: rgba(255, 255, 255, 0.06);\n}\n<\/style>\n\t<\/section>\n\t\n\n  <div class=\"banner has-hover\" id=\"banner-1517543460\">\n          <div class=\"banner-inner fill\">\n        <div class=\"banner-bg fill\" >\n                                    <div class=\"overlay\"><\/div>            \n                    <\/div>\n\t\t\n        <div class=\"banner-layers container\">\n            <div class=\"fill banner-link\"><\/div>            \n\n   <div id=\"text-box-1141300474\" class=\"text-box banner-layer x50 md-x50 lg-x50 y50 md-y50 lg-y50 res-text\">\n                                <div class=\"text-box-content text dark\">\n              \n              <div class=\"text-inner text-center\">\n                  \n\n<h6><span style=\"background-color: #000!important;\">Mobile Service Management<\/span><\/h6>\n<h1>Interesse?<\/h1>\n<p>Wenn Sie Fragen haben nutzen Sie unser Formular um mit uns Kontakt aufzunehmen. Wir beraten Sie gerne.<\/p>\n<a href=\"\/contact\" class=\"button white is-larger\"  >\n\t\t<span>Anfragen<\/span>\n\t<i class=\"icon-envelop\" aria-hidden=\"true\" ><\/i><\/a>\n\n\n\n              <\/div>\n           <\/div>\n                            \n<style>\n#text-box-1141300474 {\n  width: 70%;\n}\n#text-box-1141300474 .text-box-content {\n  font-size: 100%;\n}\n<\/style>\n    <\/div>\n \n\n        <\/div>\n      <\/div>\n\n            \n<style>\n#banner-1517543460 {\n  padding-top: 450px;\n}\n#banner-1517543460 .overlay {\n  background-color: rgba(0, 0, 0, 0.77);\n}\n<\/style>\n  <\/div>\n\n","protected":false},"excerpt":{"rendered":"","protected":false},"author":1,"featured_media":0,"parent":0,"menu_order":0,"comment_status":"closed","ping_status":"closed","template":"page-blank.php","meta":{"_acf_changed":false,"om_disable_all_campaigns":false,"inline_featured_image":false,"_monsterinsights_skip_tracking":false,"_monsterinsights_sitenote_active":false,"_monsterinsights_sitenote_note":"","_monsterinsights_sitenote_category":0,"footnotes":""},"class_list":["post-3682","page","type-page","status-publish","hentry"],"acf":[],"aioseo_notices":[],"_links":{"self":[{"href":"https:\/\/www.ariiva.com\/de\/wp-json\/wp\/v2\/pages\/3682","targetHints":{"allow":["GET"]}}],"collection":[{"href":"https:\/\/www.ariiva.com\/de\/wp-json\/wp\/v2\/pages"}],"about":[{"href":"https:\/\/www.ariiva.com\/de\/wp-json\/wp\/v2\/types\/page"}],"author":[{"embeddable":true,"href":"https:\/\/www.ariiva.com\/de\/wp-json\/wp\/v2\/users\/1"}],"replies":[{"embeddable":true,"href":"https:\/\/www.ariiva.com\/de\/wp-json\/wp\/v2\/comments?post=3682"}],"version-history":[{"count":12,"href":"https:\/\/www.ariiva.com\/de\/wp-json\/wp\/v2\/pages\/3682\/revisions"}],"predecessor-version":[{"id":3921,"href":"https:\/\/www.ariiva.com\/de\/wp-json\/wp\/v2\/pages\/3682\/revisions\/3921"}],"wp:attachment":[{"href":"https:\/\/www.ariiva.com\/de\/wp-json\/wp\/v2\/media?parent=3682"}],"curies":[{"name":"wp","href":"https:\/\/api.w.org\/{rel}","templated":true}]}}