{"id":2508,"date":"2020-03-10T13:26:51","date_gmt":"2020-03-10T12:26:51","guid":{"rendered":"https:\/\/ariiva.viingo.com\/?page_id=2508"},"modified":"2025-01-15T13:09:55","modified_gmt":"2025-01-15T12:09:55","slug":"enduser-license","status":"publish","type":"page","link":"https:\/\/www.ariiva.com\/de\/enduser-license\/","title":{"rendered":"Endbenutzer-Lizenzvereinbarung"},"content":{"rendered":"\t<div id=\"gap-1038919192\" class=\"gap-element clearfix\" style=\"display:block; height:auto;\">\n\t\t\n<style>\n#gap-1038919192 {\n  padding-top: 30px;\n}\n<\/style>\n\t<\/div>\n\t\n\n<div class=\"row\"  id=\"row-1812023034\">\n\n\n\t<div id=\"col-695551195\" class=\"col large-12\"  >\n\t\t\t\t<div class=\"col-inner\"  >\n\t\t\t\n\t\t\t\n\n<div class=\"container section-title-container\" ><h3 class=\"section-title section-title-normal\"><b><\/b><span class=\"section-title-main\" >Endbenutzer Lizenzvereinbarung<\/span><b><\/b><\/h3><\/div>\n\n<h2>Software-Nutzungsbedingungen der ARiiVA GmbH<\/h2>\n<p>(End User License Agreement \u2013 \u201eEULA\u201d)<br \/>Datum der letzten \u00c4nderung: 15.01.2025<\/p>\n<p><strong>1. Pr\u00e4ambel<\/strong><br \/>1.1. Das gegenst\u00e4ndliche Dokument enth\u00e4lt die Software-Nutzungsbedingungen (auch: \u201eBestimmungen\u201c) zwischen ARiiVA und Softwarenutzern, das sind nat\u00fcrliche oder juristische Personen, die eine Softwarelizenz direkt von ARiiVA oder von einem durch ARiiVA autorisierten Reseller (Distributor) erworben oder diese zu Testzwecken vor\u00fcbergehend kostenfrei zur Verf\u00fcgung gestellt bekommen haben, z.B. f\u00fcr Pilotierungen, Proof of Concepts sowie Leihstellungen. Ebenfalls gelten die Bedingungen f\u00fcr Nutzer, die ARiiVA Apps aus Download-Portalen von Drittanbietern (App Stores) beziehen.<br \/>1.2. Die Software-Nutzungsbedingungen gelten grunds\u00e4tzlich f\u00fcr alle ARiiVA Softwareprodukte und Softwaredienste. Etwaige abweichende produktspezifische Bestimmungen sind in mitgeltenden Dokumenten auf der Download-Seite des jeweiligen Softwareprodukts einsehbar.<br \/>1.3. Durch Download, Installation und Nutzung von ARiiVA Software verpflichten sich Nutzer, s\u00e4mtliche Bestimmungen dieser Software-Nutzungsbedingungen einzuhalten. Dies ist Voraussetzung f\u00fcr das Recht, ARiiVA Software im Rahmen dieser Bedingungen nutzen zu d\u00fcrfen.<br \/>1.4. Nutzer, die mit den Bestimmungen in diesem Dokument nicht einverstanden sind, d\u00fcrfen ARiiVA Software nicht downloaden, installieren, kopieren oder verwenden. Die Installation, das Kopieren oder Verwenden von ARiiVA Software durch Nutzer wird durch ARiiVA als implizite Zustimmung verstanden.<br \/>1.5. Zus\u00e4tzlich zu den gegenst\u00e4ndlichen Software-Nutzungsbedingungen weist ARiiVA auf die Allgemeinen Gesch\u00e4ftsbedingungen (AGBs) als mitgeltendes Dokument in der jeweils letztg\u00fcltigen Fassung hin. Aktuell g\u00fcltige AGBs sind jederzeit auf www.ariiva.com abrufbar. Diese beinhalten wichtige Bestimmungen zu Vertragsabschl\u00fcssen mit ARiiVA.<\/p>\n<p><strong>2. Nutzerlizenz, Lizenzk\u00fcndigung, Nutzungsdauer<\/strong><br \/>2.1. Durch Installation, Kopieren oder Verwenden von ARiiVA Software wird Nutzern durch ARiiVA eine nicht-ausschlie\u00dfliche, widerrufliche, nicht-\u00fcbertragbare und beschr\u00e4nkte Nutzungslizenz gew\u00e4hrt, um die ARiiVA Software auf Nutzer-Endger\u00e4ten zu verwenden.<br \/>2.2. Nutzer haben ARiiVA Software umgehend von allen Endger\u00e4ten zu l\u00f6schen, sobald Sie gegen eine oder mehrere Bestimmungen der Nutzungsbedingungen sowie mitgeltenden Dokumenten versto\u00dfen.<br \/>2.3. Mit Ausnahme der in Punkt 2.1 ausdr\u00fccklich gew\u00e4hrten Nutzungsrechte haben Nutzer keinerlei erdenklichen weiteren Rechte an der Software.<br \/>2.4 Die Nutzungsdauer\/Vertragslaufzeit verl\u00e4ngert sich automatisch um 12 Monate, sofern der Vertrag nicht drei Monate vor Ablauf (Lizenzstichtag) schriftlich gek\u00fcndigt wird. Dazu abweichende Vereinbarungen bed\u00fcrfen der Schriftform.<\/p>\n<p><strong>3. Eigentum, Copyright<\/strong><br \/>3.1. S\u00e4mtliche Markenrechte, geistiges Eigentum sowie Patente verbleiben bei ARiiVA. Abgesehen von den in Punkt 2 gew\u00e4hrten Rechten, gew\u00e4hrt ARiiVA Nutzern keinerlei anderen Rechte im Rahmen von Patenten, Urheberrechte, Marken oder durch Gesch\u00e4ftsgeheimnisse gesch\u00fctzten Informationen.<br \/>3.2. Ein Weiterverkauf sowie eine Sublizenzierung ist Nutzern grunds\u00e4tzlich untersagt.<br \/>3.3. Nutzern ist es untersagt, \u00c4nderungen in oder an ARiiVA Softwareprodukten vorzunehmen.<br \/>3.4. Nutzer d\u00fcrfen keine Schutzmechanismen au\u00dfer Kraft setzen mit dem Ziel, ARiiVA Software, oder Teile davon, zu kopieren (Reverse Engineering) oder anderweitig zu verwenden. Ebenso untersagt ist das Ableiten anderer Werke basierend auf ARiiVA Software sowie eine De-Kompilierung bzw. Reduktion von Softwarebestandteilen auf eine durch Menschen lesbare Form.<\/p>\n<p><strong>4. Besondere Bestimmungen f\u00fcr Kauflizenzen<\/strong><br \/>4.1. Durch ARiiVA autorisierte Distributoren und Handelsagenten sind explizit aufgerufen, Nutzer vor Erwerb einer ARiiVA Softwarelizenz auf die Software-Nutzungsbedingungen hinzuweisen. Geschieht dies nachweislich nicht und ist der Nutzer mit diesen Bestimmungen nicht einverstanden, steht dem Nutzer das Recht zu, die gekaufte Lizenz beim jeweiligen Distributor oder Handelsagenten gegen R\u00fcckerstattung des gesamten Kaufpreises zur\u00fcckzugeben.<\/p>\n<p><strong>5. Nutzerverpflichtungen<\/strong><br \/>5.1. Die Nutzung der ARiiVA Software verpflichtet Nutzer nicht dazu, Feedback zur Software an ARiiVA zu \u00fcbermitteln. ARiiVA darf allerdings jedwedes Nutzerfeedback zu ARiiVA Software, das ARiiVA in Form von Kommentaren, Nachrichten und \u00fcber jedwede andere erdenkliche Kommunikationskan\u00e4le erreicht (z.B. Foreneintr\u00e4ge, Service- und Support-Telefonate, etc.), uneingeschr\u00e4nkt, zeitlich und r\u00e4umlich unbefristet und unentgeltlich zur Verbesserung und Weiterentwicklung von ARiiVA Software verwenden. Nutzer k\u00f6nnen aus der Verwendung von Nutzerfeedback durch ARiiVA keinerlei Anspr\u00fcche, weder implizit noch explizit, ableiten. ARiiVA ist berechtigt, Nutzerfeedback direkt oder indirekt zu verwenden, es zu reproduzieren, zu lizenzieren (und zu sub-lizenzieren), zu verkaufen oder es kommerziell zu verwerten.<br \/>5.2. Nutzer d\u00fcrfen kein Feedback zu ARiiVA Software an ARiiVA \u00fcbermitteln, welches ihrer Kenntnis nach geistigen Eigentumsrechten Dritter oder anderen Lizenzbestimmungen unterliegt.<br \/>5.3. Nutzer stimmen zu, unerlaubtes Kopieren von ARiiVA Software zu verhindern.<br \/>5.4. Nutzer stimmen zu, ARiiVA Dataspots ohne Zustimmung von ARiiVA nicht zu ver\u00e4ndern.<br \/>5.5. Nutzer d\u00fcrfen diese Nutzungsvereinbarung nicht an Dritte abtreten, sofern hierf\u00fcr keine schriftliche Zustimmung seitens ARiiVA erteilt wurde.<br \/>5.6. ARiiVA tritt mit Nutzern grunds\u00e4tzlich in keinerlei Art von kommerzieller Partnerschaft ein. Jedwede Art der kommerziellen Zusammenarbeit (z.B. als Distributor oder Handelsagent im Auftrag von ARiiVA) bedarf eines gesonderten schriftlichen Vertrags mit ARiiVA.<br \/>5.7. Sofern keine eigene Passwortvergabe zum Registrierungszeit- oder Downloadzeitpunkt erfolgt, erh\u00e4lt der Nutzer von ARiiVA oder einem von ARiiVA autorisierten Reseller die Zugangsdaten zum Softwareprodukt- oder SaaS-Dienst. S\u00e4mtliche Benutzernamen und Kennw\u00f6rter sind vom Nutzer auf eigene sichere Kennw\u00f6rter zu \u00e4ndern.<br \/>5.8. Sofern das jeweilige ARiiVA Software-Produkt eine Sendefunktion f\u00fcr E-Mails besitzt, ist der Nutzer verpflichtet, stets seine korrekte Identit\u00e4t anzugeben und bei kommerzieller Kommunikation (insb. hinsichtlich Werbemails) die rechtlichen Bestimmungen der EU-Datenschutzgrundverordnung einzuhalten.<br \/>5.9. Aus Sicherheitsgr\u00fcnden sind Nutzer dazu angehalten, downloadbare ARiiVA Software (Apps) stets \u00fcber das jeweiligen Downloadportal (App Store) zu aktualisieren und in der jeweils aktuellen Version zu nutzen.<br \/>5.10. Verletzt der Nutzer die Pflichten entsprechend dieser Nutzungsvereinbarung, wird der Nutzer ARiiVA von Anspr\u00fcchen Dritter freistellen, die auf der widrigen Verwendung der Software durch ihn oder seine Mitarbeiter beruhen.<\/p>\n<p><strong>6. Datenschutz<\/strong><br \/>6.1. ARiiVA erhebt und speichert personenbezogene Daten von Nutzern ausschlie\u00dflich in dem Umfang, wie es rechtliche und gesch\u00e4ftliche Verpflichtungen erfordern (berechtigtes Interesse) und soweit dies notwendig ist zur Erbringung bzw. Erf\u00fcllung vertraglich zugesicherter Leistungen.<br \/>6.2. Verarbeitet oder speichert de Nutzer personenbezogene Daten Dritter in ARiiVA Softwareprodukten, so best\u00e4tigt er, dass er diese im Einklang mit der EU-Datenschutzgrundverordnung sowie des \u00d6sterreichischen Datenschutzgesetzes erworben hat und berechtigt ist, diese in ARiiVA Software zu speichern.<\/p>\n<p><strong>7. Haftungsbeschr\u00e4nkung<\/strong><br \/>7.1. Seitens ARiiVA wird jedwede Gew\u00e4hrleistung und Haftung ausgeschlossen, sofern sich aus zwingenden konsumentenschutzrechtlichen Bestimmungen nicht anderes ergibt.<br \/>7.2. ARiiVA entwickelt seine Produkte und Dienstleistungen stets am aktuellen Stand der Technik. Dies betrifft insbesondere sicherheitsrelevante Aspekte hinsichtlich Verschl\u00fcsselungstechnologien und Datenhaltung in allgemein als sicher anerkannten Serverlandschaften (dies betrifft insb. Clouddienste von Microsoft). <br \/>7.3. Nutzer nehmen zur Kenntnis, dass insbesondere im Bereich der Softwareentwicklung kein v\u00f6llig fehlerfreier Produktstand erreicht werden kann.<br \/>7.4. ARiiVA leistet keine Gew\u00e4hr f\u00fcr ununterbrochene Service-Uptime. Im Falle von Produktupdates werden Nutzer \u00fcber etwaige Downtimes in angemessener Vorlaufzeit vorab informiert.<br \/>7.5. W\u00e4hrend geplanter Nichtverf\u00fcgbarkeiten von ARiiVA Softwarediensten (SaaS) besteht hierauf kein Rechtsanspruch seitens Nutzer auf Ausfalls- oder Schadensersatz.<br \/>7.6. Nutzer nehmen zur Kenntnis, dass Verbindungsprobleme w\u00e4hrend der Datensynchronisation zu Datenverlusten f\u00fchren k\u00f6nnen, diese jedoch nicht urs\u00e4chlich mit ARiiVA oder einem durch ARiiVA angebotenen Software-Produkt in Verbindung stehen. Gleiches gilt f\u00fcr Bedienungsprobleme im Umgang mit ARiiVA Produkten oder Systeminkompatibilit\u00e4ten mit nutzerseitigen Computersystemen.<br \/>7.7. In jedem Fall ist die Gesamthaftung von ARiiVA in F\u00e4llen der groben Fahrl\u00e4ssigkeit auf den Nettoauftragswert (Nettoumsatz je Produktlizenz) begrenzt. Das Vorliegen von grober Fahrl\u00e4ssigkeit seitens ARiiVA muss vom Nutzer nachgewiesen werden.<br \/>7.8. Ebenso liegt keine Fahrl\u00e4ssigkeit seitens ARiiVA vor im Zusammenhang mit Sch\u00e4den, die nicht direkt durch Services und Produkte von ARiiVA verursacht wurden, sondern durch Ausf\u00e4lle oder schadhafte Softwareteile (Codeteile) in Drittprodukten, auf welchen ARiiVA Produkte und Services aufgebaut sind.<br \/>7.9. Seitens ARiiVA ist die Haftung f\u00fcr leichte Fahrl\u00e4ssigkeit sowie der Ersatz von Folgesch\u00e4den, reinen Verm\u00f6genssch\u00e4den, indirekten Sch\u00e4den, Produktionsausfall, Finanzierungskosten, Kosten f\u00fcr Ersatzenergie, Verlust von Energie, Daten oder Informationen, des entgangenen Gewinns, nicht erzielter Ersparnisse, von Zinsverlusten und von Sch\u00e4den aus Anspr\u00fcchen Dritter gegen den Nutzer ausgeschlossen.<br \/>7.10. Etwaige Anspr\u00fcche auf Schadenersatz sind vom Nutzer bei sonstigem Anspruchsverlust binnen 7 Jahren ab Lieferung gerichtlich geltend zu machen, sofern nicht die anwendbare gesetzliche Frist bereits fr\u00fcher endet oder zwingend l\u00e4ngere Fristen zur Anwendung kommen. Diese Haftungsklausel ist auch f\u00fcr alle Mitarbeiter, Subunternehmer und Sublieferanten des Nutzers wirksam und bezieht sich auf die Haftung seitens ARiiVA aus jedem Rechtsgrund.<br \/>7.11. ARiiVA \u00fcbernimmt keine Haftung f\u00fcr versp\u00e4tete Lieferungen und Leistungen, die sich aus Umst\u00e4nden ergeben, die nicht im Einflussbereich von ARiiVA stehen. Darunter fallen Ereignisse, die durch h\u00f6here Gewalt entstehen aber auch beispielsweise Lieferverz\u00f6gerungen von Lieferanten und\/oder Subunternehmern.<\/p>\n<p><strong>8. Sonstige rechtliche Bestimmungen<\/strong><br \/>8.1. Soweit andere zwingende gesetzliche Bestimmungen nicht entgegenstehen, ist ausschlie\u00dflich \u00f6sterreichisches Recht anwendbar. Die Anwendung von UN-Kaufrecht wird ausdr\u00fccklich ausgeschlossen.<br \/>8.2. F\u00fcr Dienstleitungen ist der Erf\u00fcllungsort grunds\u00e4tzlich der Firmensitz von ARiiVA, sofern keine anderen Bestimmungen schriftlich mit ARiiVA vereinbart wurden.<br \/>8.3. F\u00fcr SAAS-Produkte und Software-Dienste ist der Erf\u00fcllungsort der erste Verbindungspunkt zum Internet im jeweiligen Datencenter, wo das ARiiVA Produkt oder das Service gehostet ist.<br \/>8.4. Diese Nutzungsvereinbarung unterliegt \u00f6sterreichischem Recht.<br \/>8.5. Durch Nutzung von ARiiVA Software anerkennen Nutzer, dass durch die Verletzung der Nutzungsvereinbarung du durch Verwendung der Software au\u00dferhalb des bestimmungsgem\u00e4\u00dfen Gebrauchs Sch\u00e4den entstehen k\u00f6nnen. ARiiVA ist entsprechend jederzeit berechtigt, Unterlassungsanspr\u00fcche sowie Schadenersatz geltend zu machen.<br \/>8.6. Nutzer verpflichten sich, im Streitfalle s\u00e4mtliche Bem\u00fchungen zu unternehmen, um eine au\u00dfergerichtliche Einigung zu erzielen. Ist dies nicht m\u00f6glich, ist Gerichtsstand das sachlich zust\u00e4ndige Gericht am Sitz von ARiiVA (Landesgericht Steyr).<br \/>8.7. Wird eine Bestimmung in dieser Nutzervereinbarung von einem zust\u00e4ndigen Gericht f\u00fcr unwirksam oder nicht durchsetzbar befunden, so gilt nur diese Bestimmung als unwirksam. Die \u00fcbrige Nutzungsvereinbarung bleibt uneingeschr\u00e4nkt in Kraft.<br \/>8.8. \u00c4nderungen oder Abweichungen von den Nutzungsbedingungen bed\u00fcrfen der Schriftform. Dies gilt auch f\u00fcr die Aufhebung des Schriftformerfordernisses.<br \/>8.9. Diese Nutzungsvereinbarung ersetzt s\u00e4mtliche Nutzungsvereinbarungen \u00e4lteren Datums (Datum der letzten \u00c4nderung).<\/p>\n<p><strong>9. Geheimhaltung<\/strong><br \/>9.1. Der Nutzer verpflichtet sich, jedwede Anwendungsdaten (Code) geheim zu halten, sollte er durch Zufall, bspw. durch Softwaredefekte (\u201eBugs\u201c), Zugang zu solchen Informationen erhalten.<\/p>\n<p><strong>10. Salvatorische Klausel<\/strong><br \/>10.1. Sollte eine Bestimmung in diesem Nutzungsvertrag ung\u00fcltig sein oder werden, so bleibt die G\u00fcltigkeit der anderen Bestimmungen davon unber\u00fchrt. Die Vertragspartner werden die ung\u00fcltige Bestimmung durch eine g\u00fcltige Bestimmung ersetzen, die der zu ersetzenden Bestimmung wirtschaftlich und rechtlich am n\u00e4chsten kommt.<\/p>\n\n\t\t<\/div>\n\t\t\t\t\t<\/div>\n\n\t\n\n<\/div>\n<p>&nbsp;<\/p>","protected":false},"excerpt":{"rendered":"","protected":false},"author":1,"featured_media":0,"parent":0,"menu_order":0,"comment_status":"closed","ping_status":"closed","template":"page-blank.php","meta":{"_acf_changed":false,"om_disable_all_campaigns":false,"inline_featured_image":false,"_monsterinsights_skip_tracking":false,"_monsterinsights_sitenote_active":false,"_monsterinsights_sitenote_note":"","_monsterinsights_sitenote_category":0,"footnotes":""},"class_list":["post-2508","page","type-page","status-publish","hentry"],"acf":[],"aioseo_notices":[],"_links":{"self":[{"href":"https:\/\/www.ariiva.com\/de\/wp-json\/wp\/v2\/pages\/2508","targetHints":{"allow":["GET"]}}],"collection":[{"href":"https:\/\/www.ariiva.com\/de\/wp-json\/wp\/v2\/pages"}],"about":[{"href":"https:\/\/www.ariiva.com\/de\/wp-json\/wp\/v2\/types\/page"}],"author":[{"embeddable":true,"href":"https:\/\/www.ariiva.com\/de\/wp-json\/wp\/v2\/users\/1"}],"replies":[{"embeddable":true,"href":"https:\/\/www.ariiva.com\/de\/wp-json\/wp\/v2\/comments?post=2508"}],"version-history":[{"count":11,"href":"https:\/\/www.ariiva.com\/de\/wp-json\/wp\/v2\/pages\/2508\/revisions"}],"predecessor-version":[{"id":7206,"href":"https:\/\/www.ariiva.com\/de\/wp-json\/wp\/v2\/pages\/2508\/revisions\/7206"}],"wp:attachment":[{"href":"https:\/\/www.ariiva.com\/de\/wp-json\/wp\/v2\/media?parent=2508"}],"curies":[{"name":"wp","href":"https:\/\/api.w.org\/{rel}","templated":true}]}}