{"id":1609,"date":"2020-01-12T12:46:01","date_gmt":"2020-01-12T11:46:01","guid":{"rendered":"https:\/\/ariiva.viingo.com\/?page_id=1609"},"modified":"2022-12-01T12:13:18","modified_gmt":"2022-12-01T11:13:18","slug":"faq","status":"publish","type":"page","link":"https:\/\/www.ariiva.com\/de\/faq\/","title":{"rendered":"FAQ"},"content":{"rendered":"\t<div id=\"gap-28681409\" class=\"gap-element clearfix\" style=\"display:block; height:auto;\">\n\t\t\n<style>\n#gap-28681409 {\n  padding-top: 30px;\n}\n<\/style>\n\t<\/div>\n\t\n\n<div class=\"container section-title-container\" ><h3 class=\"section-title section-title-normal\"><b><\/b><span class=\"section-title-main\" >FAQ<\/span><b><\/b><\/h3><\/div>\n\n\n\t<section class=\"section\" id=\"section_353927751\">\n\t\t<div class=\"section-bg fill\" >\n\t\t\t\t\t\t\t\t\t\n\t\t\t\n\n\t\t<\/div>\n\n\t\t\n\n\t\t<div class=\"section-content relative\">\n\t\t\t\n\n<div class=\"row align-center\"  id=\"row-1156330431\">\n\n\n\t<div id=\"col-1396525710\" class=\"col medium-10 small-12 large-12\"  >\n\t\t\t\t<div class=\"col-inner text-left\"  >\n\t\t\t\n\t\t\t\n\n<p>ARiiVA liefert Daten dort, wo sie ben\u00f6tigt werden und unterst\u00fctzt den Betrieb eines professionellen Service Life Cycle Managements.<\/p>\n\n\t\t<\/div>\n\t\t\t\t\n<style>\n#col-1396525710 > .col-inner {\n  margin: 0px 0px -40px 0px;\n}\n<\/style>\n\t<\/div>\n\n\t\n\n<\/div>\n<div class=\"row align-center\"  id=\"row-1803780180\">\n\n\n\t<div id=\"col-828785738\" class=\"col medium-12 small-12 large-12\"  >\n\t\t\t\t<div class=\"col-inner text-left\"  >\n\t\t\t\n\t\t\t\n\n<div class=\"is-divider divider clearfix\" style=\"margin-top:3em;margin-bottom:3em;max-width:100%;height:1px;background-color:rgb(9, 14, 29);\"><\/div>\n\n<div class=\"row row-collapse\"  id=\"row-456936123\">\n\n\n\t<div id=\"col-628097576\" class=\"col medium-12 small-12 large-4\"  >\n\t\t\t\t<div class=\"col-inner\"  >\n\t\t\t\n\t\t\t\n\n\n\t\t<div class=\"icon-box featured-box icon-box-left text-left\"  style=\"margin:0px 0px 30px 0px;\">\n\t\t\t\t<div class=\"icon-box-text last-reset\">\n\t\t\t\t\t\t\t\t\t\n\n<h3><strong>1. GETTING STARTED<\/strong><\/h3>\n\n\t\t<\/div>\n\t<\/div>\n\t\n\t\n\n\t\t<\/div>\n\t\t\t\t\t<\/div>\n\n\t\n\n\t<div id=\"col-1253212207\" class=\"col medium-12 small-12 large-8\"  >\n\t\t\t\t<div class=\"col-inner text-left\"  >\n\t\t\t\n\t\t\t\n\n<div class=\"accordion\">\n\n\t<div id=\"accordion-1951971568\" class=\"accordion-item\">\n\t\t<a id=\"accordion-1951971568-label\" class=\"accordion-title plain\" href=\"#accordion-item-1.1-die-ersten-schritte\" aria-expanded=\"false\" aria-controls=\"accordion-1951971568-content\" >\n\t\t\t<button class=\"toggle\" aria-label=\"Umschalten\"><i class=\"icon-angle-down\"><\/i><\/button>\n\t\t\t<span>1.1 Die ersten Schritte<\/span>\n\t\t<\/a>\n\t\t<div id=\"accordion-1951971568-content\" class=\"accordion-inner\" aria-labelledby=\"accordion-1951971568-label\" >\n\t\t\t\n\n<p>Jeder neue Benutzer erh\u00e4lt einen Zugang mit 2 limitierten Benutzer und 100 Dataspots.\u00a0<\/p>\n\n\t\t<\/div>\n\t<\/div>\n\t\n\t<div id=\"accordion-366332141\" class=\"accordion-item\">\n\t\t<a id=\"accordion-366332141-label\" class=\"accordion-title plain\" href=\"#accordion-item-1.2-was-ist-ariiva-home?\" aria-expanded=\"false\" aria-controls=\"accordion-366332141-content\" >\n\t\t\t<button class=\"toggle\" aria-label=\"Umschalten\"><i class=\"icon-angle-down\"><\/i><\/button>\n\t\t\t<span>1.2 Was ist ARiiVA Home?<\/span>\n\t\t<\/a>\n\t\t<div id=\"accordion-366332141-content\" class=\"accordion-inner\" aria-labelledby=\"accordion-366332141-label\" >\n\t\t\t\n\n<p>\u00dcber das Webinterface ARiiVA Home erfolgt die zentrale Daten- und Userverwaltung. Hier werden Inventar- und Maschinenlisten importiert, Stations- und Maschinendaten eingegeben sowie Wartungszyklen festgelegt. Alle Informationen, die hier eingegeben werden, sind umgehend auch in der Mobilversion ARiiVA GO verf\u00fcgbar.<\/p>\n\n\t\t<\/div>\n\t<\/div>\n\t\n\t<div id=\"accordion-2473336573\" class=\"accordion-item\">\n\t\t<a id=\"accordion-2473336573-label\" class=\"accordion-title plain\" href=\"#accordion-item-1.3-was-ist-ariiva-go?\" aria-expanded=\"false\" aria-controls=\"accordion-2473336573-content\" >\n\t\t\t<button class=\"toggle\" aria-label=\"Umschalten\"><i class=\"icon-angle-down\"><\/i><\/button>\n\t\t\t<span>1.3 Was ist ARiiVA Go?<\/span>\n\t\t<\/a>\n\t\t<div id=\"accordion-2473336573-content\" class=\"accordion-inner\" aria-labelledby=\"accordion-2473336573-label\" >\n\t\t\t\n\n<p>Durch ARiiVA Go sind Daten mobil verf\u00fcgbar und k\u00f6nnen mittels Augmented Reality-Feature (ARiiVA Dataspots) eingeblendet werden. User k\u00f6nnen unterwegs Tickets erstellen, inklusive Bild-Dokumentation und Markup-Funktionalit\u00e4t, Hier kann auch der Status aller Assets (z.B. Maschinen) mittels Monitoring im Blick behalten werden. ARiiVA Go unterst\u00fctzt ebenso Video- oder Audio-Calls und zeigt s\u00e4mtliche verf\u00fcgbaren Analysedaten.<\/p>\n\n\t\t<\/div>\n\t<\/div>\n\t\n\t<div id=\"accordion-314988669\" class=\"accordion-item\">\n\t\t<a id=\"accordion-314988669-label\" class=\"accordion-title plain\" href=\"#accordion-item-1.4-kann-ich-ariiva-home-auch-ohne-ariiva-go-nutzen?\" aria-expanded=\"false\" aria-controls=\"accordion-314988669-content\" >\n\t\t\t<button class=\"toggle\" aria-label=\"Umschalten\"><i class=\"icon-angle-down\"><\/i><\/button>\n\t\t\t<span>1.4 Kann ich ARiiVA Home auch ohne ARiiVA Go nutzen?<\/span>\n\t\t<\/a>\n\t\t<div id=\"accordion-314988669-content\" class=\"accordion-inner\" aria-labelledby=\"accordion-314988669-label\" >\n\t\t\t\n\n<p>Um den vollen Funktionsumfang von ARiiVA zu nutzen wird empfohlen beide Systeme aktiv zu betreiben um alle Vorteile zu erleben. Grunds\u00e4tzlich funktionieren ARiiVA Home und ARiiVA Go systemseitig unabh\u00e4ngig.<\/p>\n\n\t\t<\/div>\n\t<\/div>\n\t\n\n<\/div>\n\n\t\t<\/div>\n\t\t\t\t\t<\/div>\n\n\t\n\n<\/div>\n<div class=\"is-divider divider clearfix\" style=\"margin-top:3em;margin-bottom:3em;max-width:100%;height:1px;background-color:rgb(9, 14, 29);\"><\/div>\n\n<div class=\"row row-collapse\"  id=\"row-752117151\">\n\n\n\t<div id=\"col-1799465246\" class=\"col medium-12 small-12 large-4\"  >\n\t\t\t\t<div class=\"col-inner\"  >\n\t\t\t\n\t\t\t\n\n\n\t\t<div class=\"icon-box featured-box icon-box-left text-left\"  style=\"margin:0px 0 30px 0px;\">\n\t\t\t\t<div class=\"icon-box-text last-reset\">\n\t\t\t\t\t\t\t\t\t\n\n<h3><strong>2. SYSTEM &amp; SUPPORT<\/strong><\/h3>\n\n\t\t<\/div>\n\t<\/div>\n\t\n\t\n\n\t\t<\/div>\n\t\t\t\t\t<\/div>\n\n\t\n\n\t<div id=\"col-313503959\" class=\"col medium-12 small-12 large-8\"  >\n\t\t\t\t<div class=\"col-inner text-left\"  >\n\t\t\t\n\t\t\t\n\n<div class=\"accordion\">\n\n\t<div id=\"accordion-399337214\" class=\"accordion-item\">\n\t\t<a id=\"accordion-399337214-label\" class=\"accordion-title plain\" href=\"#accordion-item-2.1-welche-browser-unterst\u00fctzt-ariiva-home?\" aria-expanded=\"false\" aria-controls=\"accordion-399337214-content\" >\n\t\t\t<button class=\"toggle\" aria-label=\"Umschalten\"><i class=\"icon-angle-down\"><\/i><\/button>\n\t\t\t<span>2.1 Welche Browser unterst\u00fctzt ARiiVA Home?<\/span>\n\t\t<\/a>\n\t\t<div id=\"accordion-399337214-content\" class=\"accordion-inner\" aria-labelledby=\"accordion-399337214-label\" >\n\t\t\t\n\n<p>ARiiVA Home wird unter Windows\/Macintosh\/Linux von allen g\u00e4ngigen Browser unterst\u00fctzt.<\/p>\n<p>ACHTUNG: Der Support von Microsoft f\u00fcr den Internet Explorer wurde eingestellt. Unser Ziel ist es, unseren Kunden qualitativ hochwertige Produkte von hohem Nutzen zu bieten, gleichzeitig unter Einhaltung der Sicherheitsstandards. Deshalb m\u00f6chten wir unsere Zeit und Ressourcen auf die Verbesserung unserer Produkte in neueren Browsern verwenden. Sollten Sie aktuell den Internet Explorer verwenden, birgt das ein erh\u00f6htes Sicherheitsrisiko da dieser keine Sicherheitsupdates mehr erh\u00e4lt, unsere Empfehlung &#8211; verwenden Sie entweder&nbsp; <a href=\"https:\/\/www.google.com\/intl\/de\/chrome\/\" target=\"_blank\" rel=\"noopener noreferrer\">Chrome<\/a> \/ <a href=\"https:\/\/www.mozilla.org\/de\/firefox\/new\/\" target=\"_blank\" rel=\"noopener noreferrer\">Firefox<\/a> oder Microsofts neuen Browser, <a href=\"https:\/\/www.microsoft.com\/de-de\/edge\" target=\"_blank\" rel=\"noopener noreferrer\">Edge<\/a>.<\/p>\n\n\t\t<\/div>\n\t<\/div>\n\t\n\t<div id=\"accordion-3770109218\" class=\"accordion-item\">\n\t\t<a id=\"accordion-3770109218-label\" class=\"accordion-title plain\" href=\"#accordion-item-2.2-welches-betriebssystem-unterst\u00fctzt-ariiva-home?\" aria-expanded=\"false\" aria-controls=\"accordion-3770109218-content\" >\n\t\t\t<button class=\"toggle\" aria-label=\"Umschalten\"><i class=\"icon-angle-down\"><\/i><\/button>\n\t\t\t<span>2.2 Welches Betriebssystem unterst\u00fctzt ARiiVA Home?<\/span>\n\t\t<\/a>\n\t\t<div id=\"accordion-3770109218-content\" class=\"accordion-inner\" aria-labelledby=\"accordion-3770109218-label\" >\n\t\t\t\n\n<p>ARiiVA Home l\u00e4uft webbasiert, daher gibt es keine Anforderungen an Betriebssysteme sondern an die verwendeten Browser.<\/p>\n\n\t\t<\/div>\n\t<\/div>\n\t\n\t<div id=\"accordion-2983672053\" class=\"accordion-item\">\n\t\t<a id=\"accordion-2983672053-label\" class=\"accordion-title plain\" href=\"#accordion-item-2.3-welche-mobile-os-unterst\u00fctzt-ariiva-go?\" aria-expanded=\"false\" aria-controls=\"accordion-2983672053-content\" >\n\t\t\t<button class=\"toggle\" aria-label=\"Umschalten\"><i class=\"icon-angle-down\"><\/i><\/button>\n\t\t\t<span>2.3 Welche Mobile OS unterst\u00fctzt ARiiVA Go?<\/span>\n\t\t<\/a>\n\t\t<div id=\"accordion-2983672053-content\" class=\"accordion-inner\" aria-labelledby=\"accordion-2983672053-label\" >\n\t\t\t\n\n<p>ARiiVA Go ist Android und iOS kompatibel.<\/p>\n\n\t\t<\/div>\n\t<\/div>\n\t\n\t<div id=\"accordion-1688131384\" class=\"accordion-item\">\n\t\t<a id=\"accordion-1688131384-label\" class=\"accordion-title plain\" href=\"#accordion-item-2.4-wie-erfolgen-updates-in-ariiva-home-und-ariiva-go?\" aria-expanded=\"false\" aria-controls=\"accordion-1688131384-content\" >\n\t\t\t<button class=\"toggle\" aria-label=\"Umschalten\"><i class=\"icon-angle-down\"><\/i><\/button>\n\t\t\t<span>2.4 Wie erfolgen Updates in ARiiVA Home und ARiiVA Go?<\/span>\n\t\t<\/a>\n\t\t<div id=\"accordion-1688131384-content\" class=\"accordion-inner\" aria-labelledby=\"accordion-1688131384-label\" >\n\t\t\t\n\n<p>ARiiVA Home ist webbasiert und Updates werden daher im Hintergrund, meist f\u00fcr den Nutzer nicht merkbar, durchgef\u00fchrt. Sollten Wartungen durchgef\u00fchrt werden, die ein kurzzeitiges Offlineschalten von ARiiVA Home oder ARiIVA Go ben\u00f6tigen, wird in der Regel einige Tage zuvor oder einige Stunden vor Einspielung eine Wartungsinformation ausgesendet bzw. online angezeigt.<\/p>\n<p>Mobile Updates f\u00fcr ARiiVA Go werden \u00fcber den jeweiligen mobilen Store (Google Play Store\/Apple App Store) vom Benutzer entweder manuell oder automatisch durchgef\u00fchrt, abh\u00e4ngig von der Einstellung des jeweiligen Benutzers.<\/p>\n<p>Die gespeicherten nutzerrelevanten Daten gehen nicht verloren.<\/p>\n\n\t\t<\/div>\n\t<\/div>\n\t\n\t<div id=\"accordion-4180629957\" class=\"accordion-item\">\n\t\t<a id=\"accordion-4180629957-label\" class=\"accordion-title plain\" href=\"#accordion-item-2.5-wo-werden-support-anfragen-gestellt?\" aria-expanded=\"false\" aria-controls=\"accordion-4180629957-content\" >\n\t\t\t<button class=\"toggle\" aria-label=\"Umschalten\"><i class=\"icon-angle-down\"><\/i><\/button>\n\t\t\t<span>2.5 Wo werden Support-Anfragen gestellt?<\/span>\n\t\t<\/a>\n\t\t<div id=\"accordion-4180629957-content\" class=\"accordion-inner\" aria-labelledby=\"accordion-4180629957-label\" >\n\t\t\t\n\n<p>Bitte verwenden Sie das Support-Anfrage Formular (www.ariiva.com &gt; MEHR &gt; Support). Die durchschnittliche Bearbeitungszeit liegt bei 48 Stunden.<\/p>\n\n\t\t<\/div>\n\t<\/div>\n\t\n\n<\/div>\n\n\t\t<\/div>\n\t\t\t\t\t<\/div>\n\n\t\n\n<\/div>\n<div class=\"is-divider divider clearfix\" style=\"margin-top:3em;margin-bottom:3em;max-width:100%;height:1px;background-color:rgb(9, 14, 29);\"><\/div>\n\n<div class=\"row row-collapse\"  id=\"row-1749127046\">\n\n\n\t<div id=\"col-1258607972\" class=\"col medium-12 small-12 large-4\"  >\n\t\t\t\t<div class=\"col-inner\"  >\n\t\t\t\n\t\t\t\n\n\n\t\t<div class=\"icon-box featured-box icon-box-left text-left\"  style=\"margin:0px 0px 30px 0px;\">\n\t\t\t\t<div class=\"icon-box-text last-reset\">\n\t\t\t\t\t\t\t\t\t\n\n<h3><strong>3. FEATURES<\/strong><\/h3>\n\n\t\t<\/div>\n\t<\/div>\n\t\n\t\n\n\t\t<\/div>\n\t\t\t\t\t<\/div>\n\n\t\n\n\t<div id=\"col-701550648\" class=\"col medium-12 small-12 large-8\"  >\n\t\t\t\t<div class=\"col-inner text-left\"  >\n\t\t\t\n\t\t\t\n\n<div class=\"accordion\">\n\n\t<div id=\"accordion-154525073\" class=\"accordion-item\">\n\t\t<a id=\"accordion-154525073-label\" class=\"accordion-title plain\" href=\"#accordion-item-3.1-wie-funktioniert-ein-ariiva-dataspot?\" aria-expanded=\"false\" aria-controls=\"accordion-154525073-content\" >\n\t\t\t<button class=\"toggle\" aria-label=\"Umschalten\"><i class=\"icon-angle-down\"><\/i><\/button>\n\t\t\t<span>3.1 Wie funktioniert ein ARiiVA Dataspot?<\/span>\n\t\t<\/a>\n\t\t<div id=\"accordion-154525073-content\" class=\"accordion-inner\" aria-labelledby=\"accordion-154525073-label\" >\n\t\t\t\n\n<p>Dataspots werden in ARiiVA Home (Men\u00fcpunkt: Dataspots) zentral verwaltet, Informationen wie Wartungsdatum anzeigen, Freitext, Bilder, Dokumente, Tickets zuweisen sind die zentralen Funktionen der Dataspots. <strong>Nach der Registrierung wird ein PDF mit den verf\u00fcgbaren Dataspots generiert (ARiiVA Home &gt; Dataspots &gt; ganz unten ist ein Download-Link. zu finden. <\/strong><\/p>\n<p>Mit Hilfe der mobilen App ARiiVA Go k\u00f6nnen mittels Augmented Reality-Unterst\u00fctzung diese Informationen, direkt auf der Maschine, eingeblendet werden.<\/p>\n\n\t\t<\/div>\n\t<\/div>\n\t\n\t<div id=\"accordion-2066216895\" class=\"accordion-item\">\n\t\t<a id=\"accordion-2066216895-label\" class=\"accordion-title plain\" href=\"#accordion-item-3.2-wie-funktioniert-ariiva-ticketing?\" aria-expanded=\"false\" aria-controls=\"accordion-2066216895-content\" >\n\t\t\t<button class=\"toggle\" aria-label=\"Umschalten\"><i class=\"icon-angle-down\"><\/i><\/button>\n\t\t\t<span>3.2 Wie funktioniert ARiiVA Ticketing?<\/span>\n\t\t<\/a>\n\t\t<div id=\"accordion-2066216895-content\" class=\"accordion-inner\" aria-labelledby=\"accordion-2066216895-label\" >\n\t\t\t\n\n<p>Mit ARiiVA Ticketing k\u00f6nnen rasch Service Tickets zu einem beliebigen Asset bzw. Dataspot erstellt werden. ARiiVA Ticketing beinhaltet eine Fotodokumentations- und Zeichenfunktion zur eindeutigen Beschreibung des Problems. Servicezeiten k\u00f6nnen direkt veranschlagt, Servicepersonal direkt zugewiesen werden.<\/p>\n\n\t\t<\/div>\n\t<\/div>\n\t\n\t<div id=\"accordion-2305322203\" class=\"accordion-item\">\n\t\t<a id=\"accordion-2305322203-label\" class=\"accordion-title plain\" href=\"#accordion-item-3.3-wie-funktioniert-ariiva-standort-monitoring?\" aria-expanded=\"false\" aria-controls=\"accordion-2305322203-content\" >\n\t\t\t<button class=\"toggle\" aria-label=\"Umschalten\"><i class=\"icon-angle-down\"><\/i><\/button>\n\t\t\t<span>3.3 Wie funktioniert ARiiVA Standort-Monitoring?<\/span>\n\t\t<\/a>\n\t\t<div id=\"accordion-2305322203-content\" class=\"accordion-inner\" aria-labelledby=\"accordion-2305322203-label\" >\n\t\t\t\n\n<p>Monitorings sind Datenobjekte die als Containter f\u00fcr Assets (Dataspots) oder andere Sub-Monitorings dienen. Standort-Monitorings haben einen Status (z.B. aktiv, inaktiv, in Bearbeitung, etc.). User sehen so auf einen Blick, ob bestimmte Assets oder Produktionsbereiche derzeit verf\u00fcgbar sind oder ggf. Reparaturbedarf herrscht.<\/p>\n\n\t\t<\/div>\n\t<\/div>\n\t\n\t<div id=\"accordion-141580935\" class=\"accordion-item\">\n\t\t<a id=\"accordion-141580935-label\" class=\"accordion-title plain\" href=\"#accordion-item-3.4-wie-funktioniert-ariiva-call?\" aria-expanded=\"false\" aria-controls=\"accordion-141580935-content\" >\n\t\t\t<button class=\"toggle\" aria-label=\"Umschalten\"><i class=\"icon-angle-down\"><\/i><\/button>\n\t\t\t<span>3.4 Wie funktioniert ARiiVA Call?<\/span>\n\t\t<\/a>\n\t\t<div id=\"accordion-141580935-content\" class=\"accordion-inner\" aria-labelledby=\"accordion-141580935-label\" >\n\t\t\t\n\n<p>Mit ARiiVA Call k\u00f6nnen Sie Kollegen oder Kunden jederzeit vor Ort unterst\u00fctzen. Der LIVE-Assistent erm\u00f6glicht eine direkte 1:1-Verbindung via Datenbrille, Smartphone oder Tablet, sodass beide Seiten ein exakt gleiches Bild einer Situation bekommen. Der entfernte Experte kann so einem Techniker vor Ort punktgenaue Instruktionen zur Fehlerbehebung geben wodurch Reparaturzeiten und -kosten minimiert werden.<\/p>\n\n\t\t<\/div>\n\t<\/div>\n\t\n\t<div id=\"accordion-1659407684\" class=\"accordion-item\">\n\t\t<a id=\"accordion-1659407684-label\" class=\"accordion-title plain\" href=\"#accordion-item-3.5-wie-funktioniert-ariiva-analytics?\" aria-expanded=\"false\" aria-controls=\"accordion-1659407684-content\" >\n\t\t\t<button class=\"toggle\" aria-label=\"Umschalten\"><i class=\"icon-angle-down\"><\/i><\/button>\n\t\t\t<span>3.5 Wie funktioniert ARiiVA Analytics?<\/span>\n\t\t<\/a>\n\t\t<div id=\"accordion-1659407684-content\" class=\"accordion-inner\" aria-labelledby=\"accordion-1659407684-label\" >\n\t\t\t\n\n<p>ARiiVA Analytics unterst\u00fctzt dabei, Datenfl\u00fcsse zu analysieren und Optimierungsfelder zu erkennen, denn jeder Datensatz in ARiiVA wird verfolgt und ausgewertet. Zusammenh\u00e4nge werden in \u00fcbersichtlichen Dashboards angezeigt. Zentrale Fragen zu Produktivit\u00e4t, Auslastungen, Downtimes, Asset-Zust\u00e4nden bis hin zu Servicekosten werden hier transparent.<\/p>\n\n\t\t<\/div>\n\t<\/div>\n\t\n\n<\/div>\n\n\t\t<\/div>\n\t\t\t\t\t<\/div>\n\n\t\n\n<\/div>\n\t<div id=\"gap-1963922467\" class=\"gap-element clearfix\" style=\"display:block; height:auto;\">\n\t\t\n<style>\n#gap-1963922467 {\n  padding-top: 60px;\n}\n<\/style>\n\t<\/div>\n\t\n\n\n\n\t\t<\/div>\n\t\t\t\t\t<\/div>\n\n\t\n\n<\/div>\n\n\t\t<\/div>\n\n\t\t\n<style>\n#section_353927751 {\n  padding-top: 0px;\n  padding-bottom: 0px;\n}\n<\/style>\n\t<\/section>\n\t\n<p>&nbsp;<\/p>","protected":false},"excerpt":{"rendered":"","protected":false},"author":1,"featured_media":0,"parent":0,"menu_order":0,"comment_status":"closed","ping_status":"closed","template":"page-blank.php","meta":{"_acf_changed":false,"om_disable_all_campaigns":false,"inline_featured_image":false,"_monsterinsights_skip_tracking":false,"_monsterinsights_sitenote_active":false,"_monsterinsights_sitenote_note":"","_monsterinsights_sitenote_category":0,"footnotes":""},"class_list":["post-1609","page","type-page","status-publish","hentry"],"acf":[],"aioseo_notices":[],"_links":{"self":[{"href":"https:\/\/www.ariiva.com\/de\/wp-json\/wp\/v2\/pages\/1609","targetHints":{"allow":["GET"]}}],"collection":[{"href":"https:\/\/www.ariiva.com\/de\/wp-json\/wp\/v2\/pages"}],"about":[{"href":"https:\/\/www.ariiva.com\/de\/wp-json\/wp\/v2\/types\/page"}],"author":[{"embeddable":true,"href":"https:\/\/www.ariiva.com\/de\/wp-json\/wp\/v2\/users\/1"}],"replies":[{"embeddable":true,"href":"https:\/\/www.ariiva.com\/de\/wp-json\/wp\/v2\/comments?post=1609"}],"version-history":[{"count":88,"href":"https:\/\/www.ariiva.com\/de\/wp-json\/wp\/v2\/pages\/1609\/revisions"}],"predecessor-version":[{"id":7009,"href":"https:\/\/www.ariiva.com\/de\/wp-json\/wp\/v2\/pages\/1609\/revisions\/7009"}],"wp:attachment":[{"href":"https:\/\/www.ariiva.com\/de\/wp-json\/wp\/v2\/media?parent=1609"}],"curies":[{"name":"wp","href":"https:\/\/api.w.org\/{rel}","templated":true}]}}